{"id":162,"date":"2021-03-03T21:15:02","date_gmt":"2021-03-03T20:15:02","guid":{"rendered":"http:\/\/pzsmig.pl\/?page_id=162"},"modified":"2023-03-15T12:52:09","modified_gmt":"2023-03-15T11:52:09","slug":"kalendarium-konferencji-i-szkolen","status":"publish","type":"page","link":"https:\/\/pzsmig.pl\/index.php\/kalendarium-konferencji-i-szkolen\/","title":{"rendered":"Kalendarium konferencji i szkole\u0144"},"content":{"rendered":"\t\t<div data-elementor-type=\"wp-page\" data-elementor-id=\"162\" class=\"elementor elementor-162\">\n\t\t\t\t\t\t<section class=\"elementor-section elementor-top-section elementor-element elementor-element-43aa79c6 elementor-section-boxed elementor-section-height-default elementor-section-height-default\" data-id=\"43aa79c6\" data-element_type=\"section\">\n\t\t\t\t\t\t<div class=\"elementor-container elementor-column-gap-default\">\n\t\t\t\t\t<div class=\"elementor-column elementor-col-100 elementor-top-column elementor-element elementor-element-521777cc\" data-id=\"521777cc\" data-element_type=\"column\">\n\t\t\t<div class=\"elementor-widget-wrap elementor-element-populated\">\n\t\t\t\t\t\t<div class=\"elementor-element elementor-element-6a744d elementor-widget elementor-widget-text-editor\" data-id=\"6a744d\" data-element_type=\"widget\" data-widget_type=\"text-editor.default\">\n\t\t\t\t<div class=\"elementor-widget-container\">\n\t\t\t\t\t\t\t\t\t<ul><li class=\"western\"><span style=\"color: #ff0000;\"><strong>Szkolenie &#8211; <\/strong><strong>30.03.2023 &#8211; 01.04.2023r. Hotel &#8222;Zimnik&#8221; Lipowa k. \u017bywca.<\/strong><\/span><em><strong><br \/>Tematyka szkolenia: Przes\u0142uchanie w post\u0119powaniu o wykroczenie. Stosowanie wybranych element\u00f3w i technik przes\u0142ucha\u0144 w praktyce. \/ Stra\u017cnik gminny (miejski) pe\u0142ni\u0105cy funkcj\u0119 oskar\u017cyciela publicznego\u201d.<\/strong><\/em><\/li><\/ul><p style=\"text-align: center;\"><span style=\"color: #008000;\">TRWA NAB\u00d3R &#8211; ZAPISY NA SZKOLENIE DO 17.03.2023<\/span><\/p>\t\t\t\t\t\t\t\t<\/div>\n\t\t\t\t<\/div>\n\t\t\t\t\t<\/div>\n\t\t<\/div>\n\t\t\t\t\t<\/div>\n\t\t<\/section>\n\t\t\t\t<\/div>\n\t\t","protected":false},"excerpt":{"rendered":"<p>Szkolenie &#8211; 30.03.2023 &#8211; 01.04.2023r. Hotel &#8222;Zimnik&#8221; Lipowa k. \u017bywca.Tematyka szkolenia: Przes\u0142uchanie w post\u0119powaniu o wykroczenie. Stosowanie wybranych element\u00f3w i&hellip;<\/p>\n","protected":false},"author":1,"featured_media":246,"parent":0,"menu_order":0,"comment_status":"closed","ping_status":"closed","template":"","meta":{"footnotes":""},"class_list":["post-162","page","type-page","status-publish","has-post-thumbnail","hentry"],"_links":{"self":[{"href":"https:\/\/pzsmig.pl\/index.php\/wp-json\/wp\/v2\/pages\/162","targetHints":{"allow":["GET"]}}],"collection":[{"href":"https:\/\/pzsmig.pl\/index.php\/wp-json\/wp\/v2\/pages"}],"about":[{"href":"https:\/\/pzsmig.pl\/index.php\/wp-json\/wp\/v2\/types\/page"}],"author":[{"embeddable":true,"href":"https:\/\/pzsmig.pl\/index.php\/wp-json\/wp\/v2\/users\/1"}],"replies":[{"embeddable":true,"href":"https:\/\/pzsmig.pl\/index.php\/wp-json\/wp\/v2\/comments?post=162"}],"version-history":[{"count":12,"href":"https:\/\/pzsmig.pl\/index.php\/wp-json\/wp\/v2\/pages\/162\/revisions"}],"predecessor-version":[{"id":555,"href":"https:\/\/pzsmig.pl\/index.php\/wp-json\/wp\/v2\/pages\/162\/revisions\/555"}],"wp:featuredmedia":[{"embeddable":true,"href":"https:\/\/pzsmig.pl\/index.php\/wp-json\/wp\/v2\/media\/246"}],"wp:attachment":[{"href":"https:\/\/pzsmig.pl\/index.php\/wp-json\/wp\/v2\/media?parent=162"}],"curies":[{"name":"wp","href":"https:\/\/api.w.org\/{rel}","templated":true}]}}